{"id":303,"date":"2020-12-16T10:03:11","date_gmt":"2020-12-16T08:03:11","guid":{"rendered":"https:\/\/roditelji.eu\/prirucnik\/?page_id=303"},"modified":"2021-01-20T06:59:45","modified_gmt":"2021-01-20T05:59:45","slug":"udruge","status":"publish","type":"page","link":"https:\/\/roditelji.eu\/prirucnik\/udruge\/","title":{"rendered":"Ponuda za Udruge"},"content":{"rendered":"\t\t<div data-elementor-type=\"wp-page\" data-elementor-id=\"303\" class=\"elementor elementor-303\">\n\t\t\t\t\t\t<section class=\"elementor-section elementor-top-section elementor-element elementor-element-3539a56 elementor-section-boxed elementor-section-height-default elementor-section-height-default\" data-id=\"3539a56\" data-element_type=\"section\" data-e-type=\"section\">\n\t\t\t\t\t\t<div class=\"elementor-container elementor-column-gap-default\">\n\t\t\t\t\t<div class=\"elementor-column elementor-col-100 elementor-top-column elementor-element elementor-element-0f75da2\" data-id=\"0f75da2\" data-element_type=\"column\" data-e-type=\"column\">\n\t\t\t<div class=\"elementor-widget-wrap elementor-element-populated\">\n\t\t\t\t\t\t<div class=\"elementor-element elementor-element-44c7a6f elementor-widget elementor-widget-heading\" data-id=\"44c7a6f\" data-element_type=\"widget\" data-e-type=\"widget\" data-widget_type=\"heading.default\">\n\t\t\t\t<div class=\"elementor-widget-container\">\n\t\t\t\t\t<h2 class=\"elementor-heading-title elementor-size-default\">Ponuda za udruge<\/h2>\t\t\t\t<\/div>\n\t\t\t\t<\/div>\n\t\t\t\t\t<\/div>\n\t\t<\/div>\n\t\t\t\t\t<\/div>\n\t\t<\/section>\n\t\t\t\t<section class=\"elementor-section elementor-top-section elementor-element elementor-element-1cf8ad8 elementor-section-boxed elementor-section-height-default elementor-section-height-default\" data-id=\"1cf8ad8\" data-element_type=\"section\" data-e-type=\"section\">\n\t\t\t\t\t\t<div class=\"elementor-container elementor-column-gap-default\">\n\t\t\t\t\t<div class=\"elementor-column elementor-col-50 elementor-top-column elementor-element elementor-element-f21cf23\" data-id=\"f21cf23\" data-element_type=\"column\" data-e-type=\"column\">\n\t\t\t<div class=\"elementor-widget-wrap elementor-element-populated\">\n\t\t\t\t\t\t<div class=\"elementor-element elementor-element-00c5b98 elementor-widget elementor-widget-text-editor\" data-id=\"00c5b98\" data-element_type=\"widget\" data-e-type=\"widget\" data-widget_type=\"text-editor.default\">\n\t\t\t\t<div class=\"elementor-widget-container\">\n\t\t\t\t\t\t\t\t\t<p>Udruge dijabeti\u010dara, kao glavno mjesto gdje osobe oboljele od \u0161e\u0107erne bolesti mogu na\u0107i informacije iz stvarnog \u017eivota odavno su prepoznale vrijednost materijala koje pi\u0161u ljudi koji \u017eive s dijabetesom.<\/p><p>\u00a0<\/p>\t\t\t\t\t\t\t\t<\/div>\n\t\t\t\t<\/div>\n\t\t\t\t<div class=\"elementor-element elementor-element-a4fe77c elementor-widget elementor-widget-text-editor\" data-id=\"a4fe77c\" data-element_type=\"widget\" data-e-type=\"widget\" data-widget_type=\"text-editor.default\">\n\t\t\t\t<div class=\"elementor-widget-container\">\n\t\t\t\t\t\t\t\t\t<p class=\"MsoNormal\"><b>Samo plivaj ! Samo plivaj ! Ka\u017ee Dora na putu za Sidney a mi na putu kroz \u017eivot sa \u0161e\u0107erom.<\/b><\/p>\n<p class=\"MsoNormal\">Ovim dopisom htjela bi ponuditi svim udrugama u Hrvatskoj mogu\u0107nost plasiranja knjige svojim \u010dlanovima. Pripremili smo i popuste.<\/p>\n<p class=\"MsoNormal\">Redovna cijena knjige iznosi 135 kn + 30 kn pt(za Hrvatsku).<\/p>\n<p class=\"MsoNormal\">Knjiga se mo\u017ee naru\u010diti preko web shopa <a href=\"https:\/\/clicktime.symantec.com\/37PfJrNGitYCRUw7jFzf8Vy6H2?u=https%3A%2F%2Froditelji.eu%2Fprirucnik\">https:\/\/roditelji.eu\/prirucnik<\/a>, \u0161to je trenutno jedini kanal distribucije.<\/p>\n<p class=\"MsoNormal\">Za dijabeti\u010dke udruge, koje ih \u017eele mo\u017eda pokloniti svojim \u010dlanovima ili pak udru\u017eeno kupiti pripremili smo posebnu ponudu u kojoj je za vi\u0161e od 10 naru\u010denih knjiga cijena 120 kn&nbsp; s time da je 10+ 1 gratis ili 20+ 2 gratis knjige.<\/p>\n<p class=\"MsoNormal\">Ukoliko vam je to zanimljivo narud\u017ebu mo\u017eete izvr\u0161iti preko web shopa, a kod za popust za udruge glasi<\/p>\n<p class=\"MsoNormal\">&nbsp;&nbsp;<span lang=\"EN-US\" style=\"font-size: 11.5pt; font-family: 'Segoe UI Historic',sans-serif; color: white; background: #0084FF; mso-ansi-language: EN-US;\"><\/span><\/p>\n<p><\/p><center><p><\/p>\n<b style=\"color: var( --e-global-color-text ); font-family: var( --e-global-typography-text-font-family ), Sans-serif; font-size: 0.875rem;\">X7XVBBF8<\/b><br>\n<p><\/p><\/center><p><\/p>\n<p class=\"MsoNormal\"><span style=\"color: var( --e-global-color-text ); font-family: var( --e-global-typography-text-font-family ), Sans-serif; font-weight: var( --e-global-typography-text-font-weight ); font-size: 0.875rem;\">&nbsp;U tom slu\u010daju knjiga do\u0111e 109 kn a po\u0161tarina je prema udruzi tako\u0111er besplatna.<\/span><\/p>\n<p class=\"MsoNormal\">Na ra\u010dunu vam ne\u0107e pisati gratis primjerci ali oni sti\u017eu u paketu. Ukoliko nekome zbog pravdanja treba pisati npr. 20+2 gratis dobit \u0107e dodatni dopis uz isporuku.<\/p>\n<p class=\"MsoNormal\">Nadam se da \u0107e vama i va\u0161im \u010dlanovima biti zanimljiv ovaj priru\u010dnik.<\/p>\n<p class=\"MsoNormal\">\n<\/p>\t\t\t\t\t\t\t\t<\/div>\n\t\t\t\t<\/div>\n\t\t\t\t\t<\/div>\n\t\t<\/div>\n\t\t\t\t<div class=\"elementor-column elementor-col-50 elementor-top-column elementor-element elementor-element-b9fe5aa\" data-id=\"b9fe5aa\" data-element_type=\"column\" data-e-type=\"column\">\n\t\t\t<div class=\"elementor-widget-wrap elementor-element-populated\">\n\t\t\t\t\t\t<div class=\"elementor-element elementor-element-8d83558 elementor-widget elementor-widget-image\" data-id=\"8d83558\" data-element_type=\"widget\" data-e-type=\"widget\" data-widget_type=\"image.default\">\n\t\t\t\t<div class=\"elementor-widget-container\">\n\t\t\t\t\t\t\t\t\t\t\t\t\t\t\t<img fetchpriority=\"high\" decoding=\"async\" width=\"724\" height=\"1024\" src=\"https:\/\/i0.wp.com\/roditelji.eu\/prirucnik\/wp-content\/uploads\/2020\/12\/ALEKSANDRA-MAROVIC-Slatki-zivot-Plakat.jpg?fit=724%2C1024&amp;ssl=1\" class=\"attachment-large size-large wp-image-215\" alt=\"ALEKSANDRA MAROVIC - Slatki zivot - Plakat\" srcset=\"https:\/\/i0.wp.com\/roditelji.eu\/prirucnik\/wp-content\/uploads\/2020\/12\/ALEKSANDRA-MAROVIC-Slatki-zivot-Plakat.jpg?w=842&amp;ssl=1 842w, https:\/\/i0.wp.com\/roditelji.eu\/prirucnik\/wp-content\/uploads\/2020\/12\/ALEKSANDRA-MAROVIC-Slatki-zivot-Plakat.jpg?resize=212%2C300&amp;ssl=1 212w, https:\/\/i0.wp.com\/roditelji.eu\/prirucnik\/wp-content\/uploads\/2020\/12\/ALEKSANDRA-MAROVIC-Slatki-zivot-Plakat.jpg?resize=724%2C1024&amp;ssl=1 724w, https:\/\/i0.wp.com\/roditelji.eu\/prirucnik\/wp-content\/uploads\/2020\/12\/ALEKSANDRA-MAROVIC-Slatki-zivot-Plakat.jpg?resize=768%2C1086&amp;ssl=1 768w, https:\/\/i0.wp.com\/roditelji.eu\/prirucnik\/wp-content\/uploads\/2020\/12\/ALEKSANDRA-MAROVIC-Slatki-zivot-Plakat.jpg?resize=600%2C849&amp;ssl=1 600w\" sizes=\"(max-width: 724px) 100vw, 724px\" \/>\t\t\t\t\t\t\t\t\t\t\t\t\t\t\t<\/div>\n\t\t\t\t<\/div>\n\t\t\t\t\t<\/div>\n\t\t<\/div>\n\t\t\t\t\t<\/div>\n\t\t<\/section>\n\t\t\t\t<section class=\"elementor-section elementor-top-section elementor-element elementor-element-fbdc48b elementor-section-boxed elementor-section-height-default elementor-section-height-default\" data-id=\"fbdc48b\" data-element_type=\"section\" data-e-type=\"section\">\n\t\t\t\t\t\t<div class=\"elementor-container elementor-column-gap-default\">\n\t\t\t\t\t<div class=\"elementor-column elementor-col-100 elementor-top-column elementor-element elementor-element-5889fe0\" data-id=\"5889fe0\" data-element_type=\"column\" data-e-type=\"column\">\n\t\t\t<div class=\"elementor-widget-wrap elementor-element-populated\">\n\t\t\t\t\t\t<div class=\"elementor-element elementor-element-40db61c elementor-align-center elementor-widget elementor-widget-button\" data-id=\"40db61c\" data-element_type=\"widget\" data-e-type=\"widget\" data-widget_type=\"button.default\">\n\t\t\t\t<div class=\"elementor-widget-container\">\n\t\t\t\t\t\t\t\t\t<div class=\"elementor-button-wrapper\">\n\t\t\t\t\t<a class=\"elementor-button elementor-button-link elementor-size-lg\" href=\"https:\/\/roditelji.eu\/prirucnik\/proizvod\/prirucnik-o-dijabetesu-tip1\/\">\n\t\t\t\t\t\t<span class=\"elementor-button-content-wrapper\">\n\t\t\t\t\t\t<span class=\"elementor-button-icon\">\n\t\t\t\t<i aria-hidden=\"true\" class=\"fab fa-cloudsmith\"><\/i>\t\t\t<\/span>\n\t\t\t\t\t\t\t\t\t<span class=\"elementor-button-text\">Naru\u010dite priru\u010dnik<\/span>\n\t\t\t\t\t<\/span>\n\t\t\t\t\t<\/a>\n\t\t\t\t<\/div>\n\t\t\t\t\t\t\t\t<\/div>\n\t\t\t\t<\/div>\n\t\t\t\t\t<\/div>\n\t\t<\/div>\n\t\t\t\t\t<\/div>\n\t\t<\/section>\n\t\t\t\t<\/div>\n\t\t","protected":false},"excerpt":{"rendered":"<p>Ponuda za udruge Udruge dijabeti\u010dara, kao glavno mjesto gdje osobe oboljele od \u0161e\u0107erne bolesti mogu na\u0107i informacije iz stvarnog \u017eivota odavno su prepoznale vrijednost materijala koje pi\u0161u ljudi koji \u017eive &#8230;<\/p>\n","protected":false},"author":1,"featured_media":0,"parent":0,"menu_order":0,"comment_status":"closed","ping_status":"closed","template":"","meta":{"footnotes":""},"class_list":["post-303","page","type-page","status-publish","hentry"],"jetpack_sharing_enabled":true,"jetpack_likes_enabled":true,"_links":{"self":[{"href":"https:\/\/roditelji.eu\/prirucnik\/wp-json\/wp\/v2\/pages\/303","targetHints":{"allow":["GET"]}}],"collection":[{"href":"https:\/\/roditelji.eu\/prirucnik\/wp-json\/wp\/v2\/pages"}],"about":[{"href":"https:\/\/roditelji.eu\/prirucnik\/wp-json\/wp\/v2\/types\/page"}],"author":[{"embeddable":true,"href":"https:\/\/roditelji.eu\/prirucnik\/wp-json\/wp\/v2\/users\/1"}],"replies":[{"embeddable":true,"href":"https:\/\/roditelji.eu\/prirucnik\/wp-json\/wp\/v2\/comments?post=303"}],"version-history":[{"count":5,"href":"https:\/\/roditelji.eu\/prirucnik\/wp-json\/wp\/v2\/pages\/303\/revisions"}],"predecessor-version":[{"id":441,"href":"https:\/\/roditelji.eu\/prirucnik\/wp-json\/wp\/v2\/pages\/303\/revisions\/441"}],"wp:attachment":[{"href":"https:\/\/roditelji.eu\/prirucnik\/wp-json\/wp\/v2\/media?parent=303"}],"curies":[{"name":"wp","href":"https:\/\/api.w.org\/{rel}","templated":true}]}}